{"id":159,"date":"2011-09-16T07:55:07","date_gmt":"2011-09-16T05:55:07","guid":{"rendered":"http:\/\/www.retrochap.fr\/site\/?page_id=159"},"modified":"2026-03-03T13:06:30","modified_gmt":"2026-03-03T12:06:30","slug":"inscription","status":"publish","type":"page","link":"https:\/\/www.retrochap.fr\/site\/inscription\/","title":{"rendered":"Adh\u00e9sion RETROCHAP"},"content":{"rendered":"<div class=\"page\" title=\"Page 1\">\n<div class=\"section\">\n<div class=\"layoutArea\">\n<div class=\"column\">\n<h2><strong><span style=\"text-decoration: underline;\">Bulletin d&rsquo;adh\u00e9sion ou de r\u00e9-adh\u00e9sion RETROCHAP pour 2026<\/span><\/strong><\/h2>\n<p><img loading=\"lazy\" decoding=\"async\" class=\"size-full wp-image-3303 alignleft\" src=\"https:\/\/www.retrochap.fr\/site\/wp-content\/uploads\/2018\/01\/membre.jpg\" alt=\"\" width=\"248\" height=\"136\" \/><\/p>\n<p>Vous aimez RETROCHAP, pourquoi ne pas devenir membre de notre Club ?<br \/>\nLe montant de la cotisation pour cette ann\u00e9e est fix\u00e9 \u00e0 35 Euros.<br \/>\nEn cas de renouvellement de l&rsquo;adh\u00e9sion, votre bulletin devra nous parvenir <strong>avant le 1er Avril 2026<\/strong>, on vous attends.<br \/>\n<a href=\"https:\/\/www.retrochap.fr\/site\/wp-content\/uploads\/2025\/12\/Bulletin-dadhesion-2026.pdf\" target=\"_blank\" rel=\"noopener\">Bulletin d&rsquo;adh\u00e9sion RETROCHAP 2026<\/a><\/p>\n<p><a href=\"https:\/\/www.retrochap.fr\/site\/wp-content\/uploads\/2025\/12\/Bulletin-de-re-adhesion-2026-version2.pdf\" target=\"_blank\" rel=\"noopener\">Bulletin simplifi\u00e9 de r\u00e9-adh\u00e9sion RETROCHAP 2026<\/a><\/p>\n<p>&nbsp;<\/p>\n<p><strong><span style=\"text-decoration: underline;\">Documents accompagnant notre prochaine Assembl\u00e9e G\u00e9n\u00e9rale du 01 Mars 2025<br \/>\n<\/span><\/strong><span style=\"text-decoration: underline;\"><a href=\"https:\/\/www.retrochap.fr\/site\/wp-content\/uploads\/2024\/01\/Reglement-interieur-adopte-par-le-CD-du-21-decembre-2023.pdf\" target=\"_blank\" rel=\"noopener\">R\u00e8glement Int\u00e9rieur R\u00e9trochap valid\u00e9 le 21 d\u00e9cembre 2023<\/a><\/span><\/p>\n<p><span style=\"text-decoration: underline;\"><a href=\"https:\/\/www.retrochap.fr\/site\/wp-content\/uploads\/2024\/02\/20240217-Statuts-refondus-adoptes-par-lAG.pdf\" target=\"_blank\" rel=\"noopener\">Statuts refondus et adopt\u00e9s lors de l&rsquo;AG du 17 f\u00e9vrier 2024<\/a><\/span><\/p>\n<p><strong><span style=\"text-decoration: underline;\">PV de notre assembl\u00e9e G\u00e9n\u00e9rale du 28 F\u00e9vrier 2026<br \/>\n<\/span><\/strong><span style=\"text-decoration: underline;\"><a href=\"https:\/\/www.retrochap.fr\/site\/wp-content\/uploads\/2026\/03\/PV_Assemblee-Generale-Ordinaire_Retrochap-28-fevrier-2026-maj-01.03.2026.pdf\" target=\"_blank\" rel=\"noopener\">PV AG 28 F\u00e9vrier 2026<\/a><\/span><\/p>\n<p><strong><span style=\"text-decoration: underline;\">Documents accompagnants notre AG du 28 F\u00e9vrier 2026<br \/>\n<\/span><\/strong><a href=\"https:\/\/www.retrochap.fr\/site\/wp-content\/uploads\/2026\/02\/ORDRE-DU-JOUR-AG-2026.pdf\" target=\"_blank\" rel=\"noopener\">AG 2026 &#8211; Ordre du jour<\/a><img loading=\"lazy\" decoding=\"async\" class=\"alignright size-medium wp-image-2662\" src=\"https:\/\/www.retrochap.fr\/site\/wp-content\/uploads\/2017\/09\/assemble\u0301e-cd-300x150.jpg\" alt=\"assembl\u00e9e\" width=\"300\" height=\"150\" srcset=\"https:\/\/www.retrochap.fr\/site\/wp-content\/uploads\/2017\/09\/assemble\u0301e-cd-300x150.jpg 300w, https:\/\/www.retrochap.fr\/site\/wp-content\/uploads\/2017\/09\/assemble\u0301e-cd.jpg 620w\" sizes=\"auto, (max-width: 300px) 100vw, 300px\" \/><span style=\"text-decoration: underline;\"><br \/>\n<a href=\"https:\/\/www.retrochap.fr\/site\/wp-content\/uploads\/2026\/02\/Pouvoir.pdf\" target=\"_blank\" rel=\"noopener\">AG 2026 &#8211; Pouvoir<\/a><br \/>\n<a href=\"https:\/\/www.retrochap.fr\/site\/wp-content\/uploads\/2026\/02\/Rapport-moral_President_Retrochap_AG-28-fevrier-2026.pdf\" target=\"_blank\" rel=\"noopener\">AG 2026 &#8211; Rapport moral 2025<\/a><br \/>\n<a href=\"https:\/\/www.retrochap.fr\/site\/wp-content\/uploads\/2026\/02\/Rapport-dactivite_Retrochap_AG-28-fevrier-2026.pdf\" target=\"_blank\" rel=\"noopener\">AG 2026 &#8211; Rapport d&rsquo;activit\u00e9 2025<\/a><br \/>\n<a href=\"https:\/\/www.retrochap.fr\/site\/wp-content\/uploads\/2026\/02\/Bilan-financier_Retrochap_2025.pdf\" target=\"_blank\" rel=\"noopener\">AG 2026 &#8211; Rapport financier 2025<\/a><br \/>\n<a href=\"https:\/\/www.retrochap.fr\/site\/wp-content\/uploads\/2026\/02\/Budget-previsionnel_Retrochap_2026.pdf\" target=\"_blank\" rel=\"noopener\">AG 2026 &#8211; Rapport sur le budget 2026<\/a><\/span><\/p>\n<p>&nbsp;<\/p>\n<h4><strong><span style=\"text-decoration: underline;\">Le livret de nos adh\u00e9rents 2022<\/span><\/strong><\/h4>\n<p><a href=\"https:\/\/www.retrochap.fr\/site\/wp-content\/uploads\/2022\/10\/Inscription-2022-RALLYE-DES-CHA\u0302TAIGNES.pdf\" target=\"_blank\" rel=\"noopener\"><a href=\"https:\/\/www.retrochap.fr\/site\/wp-content\/uploads\/2022\/10\/Livret-2022-retrochap.pdf\" class=\"pdfemb-viewer\" style=\"\" data-width=\"max\" data-height=\"max\" data-toolbar=\"bottom\" data-toolbar-fixed=\"off\">Livret 2022 retrochap<\/a><\/a><\/p>\n<\/div>\n<\/div>\n<\/div>\n<\/div>\n<h5>Cliquer sur les pdf pour t\u00e9l\u00e9charger les formulaires d&rsquo;inscription. N&rsquo;h\u00e9sitez pas \u00e0 nous contacter si besoin, voir num\u00e9ro sur les bulletins d&rsquo;inscription<\/h5>\n<h5><\/h5>\n<p style=\"text-align: center;\"><a href=\"http:\/\/www.adobe.com\/fr\/products\/acrobat\/readstep2.html\" target=\"_blank\" rel=\"noopener noreferrer\">Pour\u00a0consulter ces documents vous aurez besoin de \u00a9Acrobat Reader<\/a><\/p>\n","protected":false},"excerpt":{"rendered":"<p>Bulletin d&rsquo;adh\u00e9sion ou de r\u00e9-adh\u00e9sion RETROCHAP pour 2026 Vous aimez RETROCHAP, pourquoi ne pas devenir membre de notre Club ? Le montant de la cotisation pour cette ann\u00e9e est fix\u00e9 [&hellip;]<\/p>\n","protected":false},"author":1,"featured_media":3301,"parent":0,"menu_order":0,"comment_status":"closed","ping_status":"closed","template":"","meta":{"footnotes":""},"class_list":["post-159","page","type-page","status-publish","has-post-thumbnail","czr-hentry"],"_links":{"self":[{"href":"https:\/\/www.retrochap.fr\/site\/wp-json\/wp\/v2\/pages\/159","targetHints":{"allow":["GET"]}}],"collection":[{"href":"https:\/\/www.retrochap.fr\/site\/wp-json\/wp\/v2\/pages"}],"about":[{"href":"https:\/\/www.retrochap.fr\/site\/wp-json\/wp\/v2\/types\/page"}],"author":[{"embeddable":true,"href":"https:\/\/www.retrochap.fr\/site\/wp-json\/wp\/v2\/users\/1"}],"replies":[{"embeddable":true,"href":"https:\/\/www.retrochap.fr\/site\/wp-json\/wp\/v2\/comments?post=159"}],"version-history":[{"count":310,"href":"https:\/\/www.retrochap.fr\/site\/wp-json\/wp\/v2\/pages\/159\/revisions"}],"predecessor-version":[{"id":12483,"href":"https:\/\/www.retrochap.fr\/site\/wp-json\/wp\/v2\/pages\/159\/revisions\/12483"}],"wp:featuredmedia":[{"embeddable":true,"href":"https:\/\/www.retrochap.fr\/site\/wp-json\/wp\/v2\/media\/3301"}],"wp:attachment":[{"href":"https:\/\/www.retrochap.fr\/site\/wp-json\/wp\/v2\/media?parent=159"}],"curies":[{"name":"wp","href":"https:\/\/api.w.org\/{rel}","templated":true}]}}