{"id":433,"date":"2012-07-25T16:41:39","date_gmt":"2012-07-25T14:41:39","guid":{"rendered":"http:\/\/www.retrochap.fr\/site\/?page_id=433"},"modified":"2024-02-28T15:02:14","modified_gmt":"2024-02-28T14:02:14","slug":"contact","status":"publish","type":"page","link":"https:\/\/www.retrochap.fr\/site\/contact\/","title":{"rendered":"Contact"},"content":{"rendered":"<p>Notre association, type lois 1901 a \u00e9t\u00e9 cr\u00e9\u00e9e en octobre 2009 \u00e0 La Chapelle Saint Mesmin.<br \/>\nElle regroupe une quarantaine d\u2019adh\u00e9rents.<br \/>\nNotre but\u00a0: partager la passion des v\u00e9hicules anciens quelle qu\u2019en soit la nature<br \/>\nElle a \u00e9t\u00e9 d\u00e9clar\u00e9e \u00e0 la pr\u00e9fecture du Loiret sous le num\u00e9ro W452009120\u00a0 et publi\u00e9e au JO du 12 d\u00e9cembre 2009 sous le num\u00e9ro 1246<\/p>\n<p>RETROCHAP est affili\u00e9 \u00e0 la FFVE \u00a0sous les r\u00e9f\u00e9rences suivantes\u00a0: MM1227<\/p>\n<p>&nbsp;<\/p>\n<p>Par courrier : RETROCHAP &#8211; 13 rue de la bredauche &#8211; 45380 LA CHAPELLE SAINT MESMIN<\/p>\n<p>Par email : <a href=\"mailto:president@retrochap.fr\">president@retrochap.fr<\/a><\/p>\n<p>Par t\u00e9l\u00e9phone : 06 03 15 83 25<\/p>\n<p>Par Facebook : www.facebook.com\/retrochap<\/p>\n<p>L&rsquo;adresse <a href=\"mailto:photo@retrochap.fr\">photo@retrochap.fr<\/a> vous permet \u00e9galement de nous envoyer vos photos pour que nous puissions les publier sur le site.<\/p>\n<p><strong>Documents relatifs \u00e0 notre Club<\/strong><\/p>\n<p><a href=\"https:\/\/www.retrochap.fr\/site\/wp-content\/uploads\/2021\/01\/CD-du-16-de\u0301cembre-2020-Compte-rendu.pdf\" target=\"_blank\" rel=\"noopener\">PV du comit\u00e9 Directeur de D\u00e9cembre 2020<\/a><\/p>\n<p><a href=\"https:\/\/www.retrochap.fr\/site\/wp-content\/uploads\/2024\/02\/20240217-Statuts-refondus-adoptes-par-lAG.pdf\" target=\"_blank\" rel=\"noopener\">Les statuts du Club adopt\u00e9s en AG le 17 f\u00e9vrier 2024<\/a><\/p>\n<p><a href=\"https:\/\/www.retrochap.fr\/site\/wp-content\/uploads\/2024\/01\/Reglement-interieur-adopte-par-le-CD-du-21-decembre-2023.pdf\" target=\"_blank\" rel=\"noopener\">Le r\u00e8glement int\u00e9rieur adopt\u00e9 par le Comit\u00e9 de Direction le 21 d\u00e9cembre 2023<\/a><\/p>\n","protected":false},"excerpt":{"rendered":"<p>Notre association, type lois 1901 a \u00e9t\u00e9 cr\u00e9\u00e9e en octobre 2009 \u00e0 La Chapelle Saint Mesmin. Elle regroupe une quarantaine d\u2019adh\u00e9rents. Notre but\u00a0: partager la passion des v\u00e9hicules anciens quelle [&hellip;]<\/p>\n","protected":false},"author":1,"featured_media":2746,"parent":0,"menu_order":0,"comment_status":"closed","ping_status":"closed","template":"custom-page.php","meta":{"footnotes":""},"class_list":["post-433","page","type-page","status-publish","has-post-thumbnail","czr-hentry"],"_links":{"self":[{"href":"https:\/\/www.retrochap.fr\/site\/wp-json\/wp\/v2\/pages\/433","targetHints":{"allow":["GET"]}}],"collection":[{"href":"https:\/\/www.retrochap.fr\/site\/wp-json\/wp\/v2\/pages"}],"about":[{"href":"https:\/\/www.retrochap.fr\/site\/wp-json\/wp\/v2\/types\/page"}],"author":[{"embeddable":true,"href":"https:\/\/www.retrochap.fr\/site\/wp-json\/wp\/v2\/users\/1"}],"replies":[{"embeddable":true,"href":"https:\/\/www.retrochap.fr\/site\/wp-json\/wp\/v2\/comments?post=433"}],"version-history":[{"count":19,"href":"https:\/\/www.retrochap.fr\/site\/wp-json\/wp\/v2\/pages\/433\/revisions"}],"predecessor-version":[{"id":9464,"href":"https:\/\/www.retrochap.fr\/site\/wp-json\/wp\/v2\/pages\/433\/revisions\/9464"}],"wp:featuredmedia":[{"embeddable":true,"href":"https:\/\/www.retrochap.fr\/site\/wp-json\/wp\/v2\/media\/2746"}],"wp:attachment":[{"href":"https:\/\/www.retrochap.fr\/site\/wp-json\/wp\/v2\/media?parent=433"}],"curies":[{"name":"wp","href":"https:\/\/api.w.org\/{rel}","templated":true}]}}